{"id":21484,"date":"2024-06-07T07:17:48","date_gmt":"2024-06-07T12:17:48","guid":{"rendered":"https:\/\/www.olade.org\/?page_id=21484"},"modified":"2024-07-05T13:18:57","modified_gmt":"2024-07-05T18:18:57","slug":"OLACDE-business-council","status":"publish","type":"page","link":"https:\/\/www.olade.org\/en\/OLACDE-business-council\/","title":{"rendered":"OLACDE Business Council"},"content":{"rendered":"\t\t<div data-elementor-type=\"wp-page\" data-elementor-id=\"21484\" class=\"elementor elementor-21484 elementor-21475\" data-elementor-post-type=\"page\">\n\t\t\t\t\t\t<section class=\"elementor-section elementor-top-section elementor-element elementor-element-f16744e elementor-section-boxed elementor-section-height-default elementor-section-height-default\" data-id=\"f16744e\" data-element_type=\"section\" data-settings=\"{&quot;_ha_eqh_enable&quot;:false}\">\n\t\t\t\t\t\t<div class=\"elementor-container elementor-column-gap-default\">\n\t\t\t\t\t<div class=\"elementor-column elementor-col-100 elementor-top-column elementor-element elementor-element-1c6972b\" data-id=\"1c6972b\" data-element_type=\"column\">\n\t\t\t<div class=\"elementor-widget-wrap elementor-element-populated\">\n\t\t\t\t\t\t<div class=\"elementor-element elementor-element-91a89b7 elementor-widget elementor-widget-image\" data-id=\"91a89b7\" data-element_type=\"widget\" data-widget_type=\"image.default\">\n\t\t\t\t<div class=\"elementor-widget-container\">\n\t\t\t<style>\/*! elementor - v3.23.0 - 23-07-2024 *\/\n.elementor-widget-image{text-align:center}.elementor-widget-image a{display:inline-block}.elementor-widget-image a img[src$=\".svg\"]{width:48px}.elementor-widget-image img{vertical-align:middle;display:inline-block}<\/style>\t\t\t\t\t\t\t\t\t\t<img fetchpriority=\"high\" decoding=\"async\" width=\"1194\" height=\"672\" src=\"https:\/\/www.olade.org\/wp-content\/uploads\/2024\/06\/4cd1ce33-e122-4686-91c5-6de988d96c05-1194x672.jpeg\" class=\"attachment-large size-large wp-image-21480\" alt=\"\" srcset=\"https:\/\/www.olade.org\/wp-content\/uploads\/2024\/06\/4cd1ce33-e122-4686-91c5-6de988d96c05-1194x672.jpeg 1194w, https:\/\/www.olade.org\/wp-content\/uploads\/2024\/06\/4cd1ce33-e122-4686-91c5-6de988d96c05-260x146.jpeg 260w, https:\/\/www.olade.org\/wp-content\/uploads\/2024\/06\/4cd1ce33-e122-4686-91c5-6de988d96c05-768x432.jpeg 768w, https:\/\/www.olade.org\/wp-content\/uploads\/2024\/06\/4cd1ce33-e122-4686-91c5-6de988d96c05-1536x864.jpeg 1536w, https:\/\/www.olade.org\/wp-content\/uploads\/2024\/06\/4cd1ce33-e122-4686-91c5-6de988d96c05-750x422.jpeg 750w, https:\/\/www.olade.org\/wp-content\/uploads\/2024\/06\/4cd1ce33-e122-4686-91c5-6de988d96c05-1140x641.jpeg 1140w, https:\/\/www.olade.org\/wp-content\/uploads\/2024\/06\/4cd1ce33-e122-4686-91c5-6de988d96c05.jpeg 1600w\" sizes=\"(max-width: 1194px) 100vw, 1194px\" \/>\t\t\t\t\t\t\t\t\t\t\t\t\t<\/div>\n\t\t\t\t<\/div>\n\t\t\t\t\t<\/div>\n\t\t<\/div>\n\t\t\t\t\t<\/div>\n\t\t<\/section>\n\t\t\t\t<section class=\"elementor-section elementor-top-section elementor-element elementor-element-61ffe5a elementor-section-boxed elementor-section-height-default elementor-section-height-default\" data-id=\"61ffe5a\" data-element_type=\"section\" data-settings=\"{&quot;_ha_eqh_enable&quot;:false}\">\n\t\t\t\t\t\t<div class=\"elementor-container elementor-column-gap-default\">\n\t\t\t\t\t<div class=\"elementor-column elementor-col-50 elementor-top-column elementor-element elementor-element-b5e82f7\" data-id=\"b5e82f7\" data-element_type=\"column\">\n\t\t\t<div class=\"elementor-widget-wrap elementor-element-populated\">\n\t\t\t\t\t\t<div class=\"elementor-element elementor-element-33068e7 elementor-widget elementor-widget-heading\" data-id=\"33068e7\" data-element_type=\"widget\" data-widget_type=\"heading.default\">\n\t\t\t\t<div class=\"elementor-widget-container\">\n\t\t\t<style>\/*! elementor - v3.23.0 - 23-07-2024 *\/\n.elementor-heading-title{padding:0;margin:0;line-height:1}.elementor-widget-heading .elementor-heading-title[class*=elementor-size-]>a{color:inherit;font-size:inherit;line-height:inherit}.elementor-widget-heading .elementor-heading-title.elementor-size-small{font-size:15px}.elementor-widget-heading .elementor-heading-title.elementor-size-medium{font-size:19px}.elementor-widget-heading .elementor-heading-title.elementor-size-large{font-size:29px}.elementor-widget-heading .elementor-heading-title.elementor-size-xl{font-size:39px}.elementor-widget-heading .elementor-heading-title.elementor-size-xxl{font-size:59px}<\/style><h2 class=\"elementor-heading-title elementor-size-default\">WHAT IS THE OLADE BUSINESS COUNCIL?<\/h2>\t\t<\/div>\n\t\t\t\t<\/div>\n\t\t\t\t<div class=\"elementor-element elementor-element-abebf73 elementor-widget elementor-widget-text-editor\" data-id=\"abebf73\" data-element_type=\"widget\" data-widget_type=\"text-editor.default\">\n\t\t\t\t<div class=\"elementor-widget-container\">\n\t\t\t<style>\/*! elementor - v3.23.0 - 23-07-2024 *\/\n.elementor-widget-text-editor.elementor-drop-cap-view-stacked .elementor-drop-cap{background-color:#69727d;color:#fff}.elementor-widget-text-editor.elementor-drop-cap-view-framed .elementor-drop-cap{color:#69727d;border:3px solid;background-color:transparent}.elementor-widget-text-editor:not(.elementor-drop-cap-view-default) .elementor-drop-cap{margin-top:8px}.elementor-widget-text-editor:not(.elementor-drop-cap-view-default) .elementor-drop-cap-letter{width:1em;height:1em}.elementor-widget-text-editor .elementor-drop-cap{float:left;text-align:center;line-height:1;font-size:50px}.elementor-widget-text-editor .elementor-drop-cap-letter{display:inline-block}<\/style>\t\t\t\t<p>During the last \u00a0Energy Week in Montevideo, a ministerial decision led to the creation of the Business Council, a key entity to enhance public-private relations and dialogue within the Regional Energy Market. The actions promoted by the Committee include engaging in dialogue with the private sector as part of the Development Agenda on energy transition, where each stakeholder contributes knowledge, capabilities, and technologies to meet the Sustainable Development Goals.<\/p><p>Moreover, the Business Council aims to form alliances that support the objective of strengthening the Latin American energy market and fostering dialogues to create an efficient industry capable of adapting to the sector&#8217;s challenging scenarios.\u00a0<\/p><p>The Business Council provides a unique opportunity for governments and the industry to discuss current issues in energy markets and share perspectives on medium- and long-term policies. Public-Private Dialogue is as a tool to develop trust and communication between market actors and governments, facilitating shared assessments and stability guidelines that can increase investment in the regional energy sector. This, in turn, promotes joint policies and actions for the rational utilization of the region&#8217;s energy resources.<\/p>\t\t\t\t\t\t<\/div>\n\t\t\t\t<\/div>\n\t\t\t\t\t<\/div>\n\t\t<\/div>\n\t\t\t\t<div class=\"elementor-column elementor-col-50 elementor-top-column elementor-element elementor-element-83592ef\" data-id=\"83592ef\" data-element_type=\"column\">\n\t\t\t<div class=\"elementor-widget-wrap elementor-element-populated\">\n\t\t\t\t\t\t<div class=\"elementor-element elementor-element-ce9c87c elementor-widget elementor-widget-image\" data-id=\"ce9c87c\" data-element_type=\"widget\" data-widget_type=\"image.default\">\n\t\t\t\t<div class=\"elementor-widget-container\">\n\t\t\t\t\t\t\t\t\t\t\t\t\t<img decoding=\"async\" width=\"1194\" height=\"796\" src=\"https:\/\/www.olade.org\/wp-content\/uploads\/2024\/06\/imagen_consejo_empresarial-1194x796.jpg\" class=\"attachment-large size-large wp-image-21623\" alt=\"\" srcset=\"https:\/\/www.olade.org\/wp-content\/uploads\/2024\/06\/imagen_consejo_empresarial-1194x796.jpg 1194w, https:\/\/www.olade.org\/wp-content\/uploads\/2024\/06\/imagen_consejo_empresarial-260x173.jpg 260w, https:\/\/www.olade.org\/wp-content\/uploads\/2024\/06\/imagen_consejo_empresarial-768x512.jpg 768w, https:\/\/www.olade.org\/wp-content\/uploads\/2024\/06\/imagen_consejo_empresarial-1536x1023.jpg 1536w, https:\/\/www.olade.org\/wp-content\/uploads\/2024\/06\/imagen_consejo_empresarial-750x500.jpg 750w, https:\/\/www.olade.org\/wp-content\/uploads\/2024\/06\/imagen_consejo_empresarial-1140x760.jpg 1140w, https:\/\/www.olade.org\/wp-content\/uploads\/2024\/06\/imagen_consejo_empresarial.jpg 1600w\" sizes=\"(max-width: 1194px) 100vw, 1194px\" \/>\t\t\t\t\t\t\t\t\t\t\t\t\t<\/div>\n\t\t\t\t<\/div>\n\t\t\t\t<div class=\"elementor-element elementor-element-661554b elementor-widget elementor-widget-heading\" data-id=\"661554b\" data-element_type=\"widget\" data-widget_type=\"heading.default\">\n\t\t\t\t<div class=\"elementor-widget-container\">\n\t\t\t<h2 class=\"elementor-heading-title elementor-size-default\">WHO CAN PARTICIPATE?<\/h2>\t\t<\/div>\n\t\t\t\t<\/div>\n\t\t\t\t<div class=\"elementor-element elementor-element-c9f093e elementor-widget elementor-widget-text-editor\" data-id=\"c9f093e\" data-element_type=\"widget\" data-widget_type=\"text-editor.default\">\n\t\t\t\t<div class=\"elementor-widget-container\">\n\t\t\t\t\t\t\t<p>Senior representatives from companies of \u00a0the energy industry&#8217;s value chain.<\/p><p><strong>THEMATIC AXES<\/strong><\/p><p>Towards a Regional Agenda to Increase Investment:<\/p><ul><li>Major challenges for the energy industry in the region.<\/li><li>Challenges and opportunities for advancing towards a sustainability-driven industry.<\/li><li>-Strengthening regional public-private networks and fostering greater cooperation.<\/li><\/ul>\t\t\t\t\t\t<\/div>\n\t\t\t\t<\/div>\n\t\t\t\t\t<\/div>\n\t\t<\/div>\n\t\t\t\t\t<\/div>\n\t\t<\/section>\n\t\t\t\t<section class=\"elementor-section elementor-top-section elementor-element elementor-element-d5a3f10 elementor-section-boxed elementor-section-height-default elementor-section-height-default\" data-id=\"d5a3f10\" data-element_type=\"section\" data-settings=\"{&quot;_ha_eqh_enable&quot;:false}\">\n\t\t\t\t\t\t<div class=\"elementor-container elementor-column-gap-default\">\n\t\t\t\t\t<div class=\"elementor-column elementor-col-100 elementor-top-column elementor-element elementor-element-b7035d1\" data-id=\"b7035d1\" data-element_type=\"column\">\n\t\t\t<div class=\"elementor-widget-wrap\">\n\t\t\t\t\t\t\t<\/div>\n\t\t<\/div>\n\t\t\t\t\t<\/div>\n\t\t<\/section>\n\t\t\t\t<section class=\"elementor-section elementor-top-section elementor-element elementor-element-b55b14d elementor-section-boxed elementor-section-height-default elementor-section-height-default\" data-id=\"b55b14d\" data-element_type=\"section\" data-settings=\"{&quot;_ha_eqh_enable&quot;:false}\">\n\t\t\t\t\t\t<div class=\"elementor-container elementor-column-gap-default\">\n\t\t\t\t\t<div class=\"elementor-column elementor-col-100 elementor-top-column elementor-element elementor-element-aedee4e\" data-id=\"aedee4e\" data-element_type=\"column\">\n\t\t\t<div class=\"elementor-widget-wrap elementor-element-populated\">\n\t\t\t\t\t\t<div class=\"elementor-element elementor-element-b6105a9 elementor-widget elementor-widget-video\" data-id=\"b6105a9\" data-element_type=\"widget\" data-settings=\"{&quot;youtube_url&quot;:&quot;https:\\\/\\\/youtu.be\\\/_J0rT_FLAI0&quot;,&quot;video_type&quot;:&quot;youtube&quot;,&quot;controls&quot;:&quot;yes&quot;}\" data-widget_type=\"video.default\">\n\t\t\t\t<div class=\"elementor-widget-container\">\n\t\t\t<style>\/*! elementor - v3.23.0 - 23-07-2024 *\/\n.elementor-widget-video .elementor-widget-container{overflow:hidden;transform:translateZ(0)}.elementor-widget-video .elementor-wrapper{aspect-ratio:var(--video-aspect-ratio)}.elementor-widget-video .elementor-wrapper iframe,.elementor-widget-video .elementor-wrapper video{height:100%;width:100%;display:flex;border:none;background-color:#000}@supports not (aspect-ratio:1\/1){.elementor-widget-video .elementor-wrapper{position:relative;overflow:hidden;height:0;padding-bottom:calc(100% \/ var(--video-aspect-ratio))}.elementor-widget-video .elementor-wrapper iframe,.elementor-widget-video .elementor-wrapper video{position:absolute;top:0;right:0;bottom:0;left:0}}.elementor-widget-video .elementor-open-inline .elementor-custom-embed-image-overlay{position:absolute;top:0;right:0;bottom:0;left:0;background-size:cover;background-position:50%}.elementor-widget-video .elementor-custom-embed-image-overlay{cursor:pointer;text-align:center}.elementor-widget-video .elementor-custom-embed-image-overlay:hover .elementor-custom-embed-play i{opacity:1}.elementor-widget-video .elementor-custom-embed-image-overlay img{display:block;width:100%;aspect-ratio:var(--video-aspect-ratio);-o-object-fit:cover;object-fit:cover;-o-object-position:center center;object-position:center center}@supports not (aspect-ratio:1\/1){.elementor-widget-video .elementor-custom-embed-image-overlay{position:relative;overflow:hidden;height:0;padding-bottom:calc(100% \/ var(--video-aspect-ratio))}.elementor-widget-video .elementor-custom-embed-image-overlay img{position:absolute;top:0;right:0;bottom:0;left:0}}.elementor-widget-video .e-hosted-video .elementor-video{-o-object-fit:cover;object-fit:cover}.e-con-inner>.elementor-widget-video,.e-con>.elementor-widget-video{width:var(--container-widget-width);--flex-grow:var(--container-widget-flex-grow)}<\/style>\t\t<div class=\"elementor-wrapper elementor-open-inline\">\n\t\t\t<div class=\"elementor-video\"><\/div>\t\t<\/div>\n\t\t\t\t<\/div>\n\t\t\t\t<\/div>\n\t\t\t\t\t<\/div>\n\t\t<\/div>\n\t\t\t\t\t<\/div>\n\t\t<\/section>\n\t\t\t\t<\/div>\n\t\t","protected":false},"excerpt":{"rendered":"<p>WHAT IS THE OLACDE BUSINESS COUNCIL? During the last \u00a0Energy Week in Montevideo, a ministerial decision led to the creation of the Business Council, a key entity to enhance public-private relations and dialogue within the Regional Energy Market. The actions promoted by the Committee include engaging in dialogue with the private sector as part of [&hellip;]<\/p>\n","protected":false},"author":1,"featured_media":0,"parent":0,"menu_order":0,"comment_status":"closed","ping_status":"closed","template":"","meta":{"_acf_changed":false,"footnotes":""},"class_list":["post-21484","page","type-page","status-publish","hentry"],"acf":[],"yoast_head":"<!-- This site is optimized with the Yoast SEO Premium plugin v23.0 (Yoast SEO v23.1) - https:\/\/yoast.com\/wordpress\/plugins\/seo\/ -->\n<title>OLACDE Business Council - OLACDE<\/title>\n<meta name=\"robots\" content=\"index, follow, max-snippet:-1, max-image-preview:large, max-video-preview:-1\" \/>\n<link rel=\"canonical\" href=\"https:\/\/www.olade.org\/en\/OLACDE-business-council\/\" \/>\n<meta property=\"og:locale\" content=\"en_US\" \/>\n<meta property=\"og:type\" content=\"article\" \/>\n<meta property=\"og:title\" content=\"OLACDE Business Council\" \/>\n<meta property=\"og:description\" content=\"WHAT IS THE OLACDE BUSINESS COUNCIL? During the last \u00a0Energy Week in Montevideo, a ministerial decision led to the creation of the Business Council, a key entity to enhance public-private relations and dialogue within the Regional Energy Market. The actions promoted by the Committee include engaging in dialogue with the private sector as part of [&hellip;]\" \/>\n<meta property=\"og:url\" content=\"https:\/\/www.olade.org\/en\/OLACDE-business-council\/\" \/>\n<meta property=\"og:site_name\" content=\"OLACDE\" \/>\n<meta property=\"article:publisher\" content=\"https:\/\/www.facebook.com\/OLADEORG\" \/>\n<meta property=\"article:modified_time\" content=\"2024-07-05T18:18:57+00:00\" \/>\n<meta property=\"og:image\" content=\"https:\/\/www.olade.org\/wp-content\/uploads\/2024\/06\/4cd1ce33-e122-4686-91c5-6de988d96c05-1194x672.jpeg\" \/>\n<meta name=\"twitter:card\" content=\"summary_large_image\" \/>\n<meta name=\"twitter:site\" content=\"@OLADEORG\" \/>\n<meta name=\"twitter:label1\" content=\"Est. reading time\" \/>\n\t<meta name=\"twitter:data1\" content=\"1 minute\" \/>\n<script type=\"application\/ld+json\" class=\"yoast-schema-graph\">{\"@context\":\"https:\/\/schema.org\",\"@graph\":[{\"@type\":\"WebPage\",\"@id\":\"https:\/\/www.olade.org\/en\/OLACDE-business-council\/\",\"url\":\"https:\/\/www.olade.org\/en\/OLACDE-business-council\/\",\"name\":\"OLACDE Business Council - OLACDE\",\"isPartOf\":{\"@id\":\"https:\/\/www.olade.org\/en\/#website\"},\"primaryImageOfPage\":{\"@id\":\"https:\/\/www.olade.org\/en\/OLACDE-business-council\/#primaryimage\"},\"image\":{\"@id\":\"https:\/\/www.olade.org\/en\/OLACDE-business-council\/#primaryimage\"},\"thumbnailUrl\":\"https:\/\/www.OLACDE.org\/wp-content\/uploads\/2024\/06\/4cd1ce33-e122-4686-91c5-6de988d96c05-1194x672.jpeg\",\"datePublished\":\"2024-06-07T12:17:48+00:00\",\"dateModified\":\"2024-07-05T18:18:57+00:00\",\"breadcrumb\":{\"@id\":\"https:\/\/www.olade.org\/en\/OLACDE-business-council\/#breadcrumb\"},\"inLanguage\":\"en-US\",\"potentialAction\":[{\"@type\":\"ReadAction\",\"target\":[\"https:\/\/www.olade.org\/en\/OLACDE-business-council\/\"]}]},{\"@type\":\"ImageObject\",\"inLanguage\":\"en-US\",\"@id\":\"https:\/\/www.olade.org\/en\/OLACDE-business-council\/#primaryimage\",\"url\":\"https:\/\/www.OLACDE.org\/wp-content\/uploads\/2024\/06\/4cd1ce33-e122-4686-91c5-6de988d96c05-1194x672.jpeg\",\"contentUrl\":\"https:\/\/www.OLACDE.org\/wp-content\/uploads\/2024\/06\/4cd1ce33-e122-4686-91c5-6de988d96c05-1194x672.jpeg\"},{\"@type\":\"BreadcrumbList\",\"@id\":\"https:\/\/www.olade.org\/en\/OLACDE-business-council\/#breadcrumb\",\"itemListElement\":[{\"@type\":\"ListItem\",\"position\":1,\"name\":\"Home\",\"item\":\"https:\/\/www.olade.org\/en\/\"},{\"@type\":\"ListItem\",\"position\":2,\"name\":\"Olade Business Council\"}]},{\"@type\":\"WebSite\",\"@id\":\"https:\/\/www.olade.org\/en\/#website\",\"url\":\"https:\/\/www.olade.org\/en\/\",\"name\":\"OLADE\",\"description\":\"La Organizaci\u00f3n Latinoamericana y Caribe\u00f1a de Energ\u00eda\",\"publisher\":{\"@id\":\"https:\/\/www.olade.org\/en\/#organization\"},\"potentialAction\":[{\"@type\":\"SearchAction\",\"target\":{\"@type\":\"EntryPoint\",\"urlTemplate\":\"https:\/\/www.olade.org\/en\/?s={search_term_string}\"},\"query-input\":\"required name=search_term_string\"}],\"inLanguage\":\"en-US\"},{\"@type\":\"Organization\",\"@id\":\"https:\/\/www.olade.org\/en\/#organization\",\"name\":\"OLADE\",\"url\":\"https:\/\/www.olade.org\/en\/\",\"logo\":{\"@type\":\"ImageObject\",\"inLanguage\":\"en-US\",\"@id\":\"https:\/\/www.olade.org\/en\/#\/schema\/logo\/image\/\",\"url\":\"https:\/\/www.olade.org\/wp-content\/uploads\/2024\/03\/Logo-OLADE-WEB_Color.png\",\"contentUrl\":\"https:\/\/www.olade.org\/wp-content\/uploads\/2024\/03\/Logo-OLADE-WEB_Color.png\",\"width\":300,\"height\":132,\"caption\":\"OLADE\"},\"image\":{\"@id\":\"https:\/\/www.olade.org\/en\/#\/schema\/logo\/image\/\"},\"sameAs\":[\"https:\/\/www.facebook.com\/OLADEORG\",\"https:\/\/x.com\/OLADEORG\",\"https:\/\/www.youtube.com\/user\/oladeorg\",\"https:\/\/www.instagram.com\/oladealc\/\",\"https:\/\/www.linkedin.com\/company\/olade\/\"],\"description\":\"La Organizaci\u00f3n Latinoamericana de Energ\u00eda (OLADE) es un organismo de cooperaci\u00f3n, coordinaci\u00f3n y asesor\u00eda t\u00e9cnica, de car\u00e1cter p\u00fablico intergubernamental, constituido el 2 de noviembre de 1973 mediante la suscripci\u00f3n del Convenio de Lima, ratificado por 27 pa\u00edses de Am\u00e9rica Latina y El Caribe, con el objetivo fundamental de fomentar la integraci\u00f3n, conservaci\u00f3n, racional aprovechamiento, comercializaci\u00f3n y defensa de los recursos energ\u00e9ticos de la Regi\u00f3n.\",\"email\":\"info@olade.org\",\"telephone\":\"+59322598122\",\"legalName\":\"Organizaci\u00f3n Latinoamericana de Energ\u00eda\",\"foundingDate\":\"1973-11-02\",\"numberOfEmployees\":{\"@type\":\"QuantitativeValue\",\"minValue\":\"51\",\"maxValue\":\"200\"}}]}<\/script>\n<!-- \/ Yoast SEO Premium plugin. -->","yoast_head_json":{"title":"OLACDE Business Council - OLACDE","robots":{"index":"index","follow":"follow","max-snippet":"max-snippet:-1","max-image-preview":"max-image-preview:large","max-video-preview":"max-video-preview:-1"},"canonical":"https:\/\/www.olade.org\/en\/OLACDE-business-council\/","og_locale":"en_US","og_type":"article","og_title":"OLACDE Business Council","og_description":"WHAT IS THE OLACDE BUSINESS COUNCIL? During the last \u00a0Energy Week in Montevideo, a ministerial decision led to the creation of the Business Council, a key entity to enhance public-private relations and dialogue within the Regional Energy Market. The actions promoted by the Committee include engaging in dialogue with the private sector as part of [&hellip;]","og_url":"https:\/\/www.olade.org\/en\/OLACDE-business-council\/","og_site_name":"OLACDE","article_publisher":"https:\/\/www.facebook.com\/OLADEORG","article_modified_time":"2024-07-05T18:18:57+00:00","og_image":[{"url":"https:\/\/www.olade.org\/wp-content\/uploads\/2024\/06\/4cd1ce33-e122-4686-91c5-6de988d96c05-1194x672.jpeg"}],"twitter_card":"summary_large_image","twitter_site":"@OLADEORG","twitter_misc":{"Est. reading time":"1 minute"},"schema":{"@context":"https:\/\/schema.org","@graph":[{"@type":"WebPage","@id":"https:\/\/www.olade.org\/en\/OLACDE-business-council\/","url":"https:\/\/www.olade.org\/en\/OLACDE-business-council\/","name":"OLACDE Business Council - OLACDE","isPartOf":{"@id":"https:\/\/www.olade.org\/en\/#website"},"primaryImageOfPage":{"@id":"https:\/\/www.olade.org\/en\/OLACDE-business-council\/#primaryimage"},"image":{"@id":"https:\/\/www.olade.org\/en\/OLACDE-business-council\/#primaryimage"},"thumbnailUrl":"https:\/\/www.OLACDE.org\/wp-content\/uploads\/2024\/06\/4cd1ce33-e122-4686-91c5-6de988d96c05-1194x672.jpeg","datePublished":"2024-06-07T12:17:48+00:00","dateModified":"2024-07-05T18:18:57+00:00","breadcrumb":{"@id":"https:\/\/www.olade.org\/en\/OLACDE-business-council\/#breadcrumb"},"inLanguage":"en-US","potentialAction":[{"@type":"ReadAction","target":["https:\/\/www.olade.org\/en\/OLACDE-business-council\/"]}]},{"@type":"ImageObject","inLanguage":"en-US","@id":"https:\/\/www.olade.org\/en\/OLACDE-business-council\/#primaryimage","url":"https:\/\/www.OLACDE.org\/wp-content\/uploads\/2024\/06\/4cd1ce33-e122-4686-91c5-6de988d96c05-1194x672.jpeg","contentUrl":"https:\/\/www.OLACDE.org\/wp-content\/uploads\/2024\/06\/4cd1ce33-e122-4686-91c5-6de988d96c05-1194x672.jpeg"},{"@type":"BreadcrumbList","@id":"https:\/\/www.olade.org\/en\/OLACDE-business-council\/#breadcrumb","itemListElement":[{"@type":"ListItem","position":1,"name":"Home","item":"https:\/\/www.olade.org\/en\/"},{"@type":"ListItem","position":2,"name":"Olade Business Council"}]},{"@type":"WebSite","@id":"https:\/\/www.olade.org\/en\/#website","url":"https:\/\/www.olade.org\/en\/","name":"OLADE","description":"La Organizaci\u00f3n Latinoamericana y Caribe\u00f1a de Energ\u00eda","publisher":{"@id":"https:\/\/www.olade.org\/en\/#organization"},"potentialAction":[{"@type":"SearchAction","target":{"@type":"EntryPoint","urlTemplate":"https:\/\/www.olade.org\/en\/?s={search_term_string}"},"query-input":"required name=search_term_string"}],"inLanguage":"en-US"},{"@type":"Organization","@id":"https:\/\/www.olade.org\/en\/#organization","name":"OLADE","url":"https:\/\/www.olade.org\/en\/","logo":{"@type":"ImageObject","inLanguage":"en-US","@id":"https:\/\/www.olade.org\/en\/#\/schema\/logo\/image\/","url":"https:\/\/www.olade.org\/wp-content\/uploads\/2024\/03\/Logo-OLADE-WEB_Color.png","contentUrl":"https:\/\/www.olade.org\/wp-content\/uploads\/2024\/03\/Logo-OLADE-WEB_Color.png","width":300,"height":132,"caption":"OLADE"},"image":{"@id":"https:\/\/www.olade.org\/en\/#\/schema\/logo\/image\/"},"sameAs":["https:\/\/www.facebook.com\/OLADEORG","https:\/\/x.com\/OLADEORG","https:\/\/www.youtube.com\/user\/oladeorg","https:\/\/www.instagram.com\/oladealc\/","https:\/\/www.linkedin.com\/company\/olade\/"],"description":"La Organizaci\u00f3n Latinoamericana de Energ\u00eda (OLADE) es un organismo de cooperaci\u00f3n, coordinaci\u00f3n y asesor\u00eda t\u00e9cnica, de car\u00e1cter p\u00fablico intergubernamental, constituido el 2 de noviembre de 1973 mediante la suscripci\u00f3n del Convenio de Lima, ratificado por 27 pa\u00edses de Am\u00e9rica Latina y El Caribe, con el objetivo fundamental de fomentar la integraci\u00f3n, conservaci\u00f3n, racional aprovechamiento, comercializaci\u00f3n y defensa de los recursos energ\u00e9ticos de la Regi\u00f3n.","email":"info@olade.org","telephone":"+59322598122","legalName":"Organizaci\u00f3n Latinoamericana de Energ\u00eda","foundingDate":"1973-11-02","numberOfEmployees":{"@type":"QuantitativeValue","minValue":"51","maxValue":"200"}}]}},"_links":{"self":[{"href":"https:\/\/www.olade.org\/en\/wp-json\/wp\/v2\/pages\/21484"}],"collection":[{"href":"https:\/\/www.olade.org\/en\/wp-json\/wp\/v2\/pages"}],"about":[{"href":"https:\/\/www.olade.org\/en\/wp-json\/wp\/v2\/types\/page"}],"author":[{"embeddable":true,"href":"https:\/\/www.olade.org\/en\/wp-json\/wp\/v2\/users\/1"}],"replies":[{"embeddable":true,"href":"https:\/\/www.olade.org\/en\/wp-json\/wp\/v2\/comments?post=21484"}],"version-history":[{"count":10,"href":"https:\/\/www.olade.org\/en\/wp-json\/wp\/v2\/pages\/21484\/revisions"}],"predecessor-version":[{"id":22598,"href":"https:\/\/www.olade.org\/en\/wp-json\/wp\/v2\/pages\/21484\/revisions\/22598"}],"wp:attachment":[{"href":"https:\/\/www.olade.org\/en\/wp-json\/wp\/v2\/media?parent=21484"}],"curies":[{"name":"wp","href":"https:\/\/api.w.org\/{rel}","templated":true}]}}