{"id":20600,"date":"2024-04-20T19:54:26","date_gmt":"2024-04-21T00:54:26","guid":{"rendered":"https:\/\/pruebaswww.olade.org\/?page_id=20600"},"modified":"2024-04-20T20:05:30","modified_gmt":"2024-04-21T01:05:30","slug":"certhilac-clean-hydrogen-certification-system-for-latin-america-and-the-caribbean","status":"publish","type":"page","link":"https:\/\/www.olade.org\/en\/certhilac-clean-hydrogen-certification-system-for-latin-america-and-the-caribbean\/","title":{"rendered":"CertHiLAC: Clean hydrogen certification system for Latin America and the Caribbean"},"content":{"rendered":"<p>En la Conferencia de las Naciones Unidas sobre el Cambio Clim\u00e1tico (COP28) de 2023, el Banco Interamericano de Desarrollo (BID) se comprometi\u00f3 a acelerar la descarbonizaci\u00f3n respaldando junto con la Organizaci\u00f3n Latinoamericana de la Energ\u00eda (OLACDE), la declaraci\u00f3n <strong>&#8220;<\/strong><a href=\"https:\/\/www.iadb.org\/document.cfm?id=EZIDB0000474-724026623-4\"><strong>Descarbonizando ALC<\/strong><\/a>&#8221; para la industria pesada e introduciendo CertHiLAC, un sistema de certificaci\u00f3n para la producci\u00f3n de hidr\u00f3geno limpio y bajo en carbono en Am\u00e9rica Latina y el Caribe.<\/p>\n<p>Teniendo en cuenta el gran potencial que tienen los pa\u00edses de Am\u00e9rica Latina y el Caribe (LAC) para producir hidr\u00f3geno limpio y de bajas emisiones, 14 pa\u00edses de la regi\u00f3n suscribieron durante la Semana de la Energ\u00eda, organizada por OLACDE, la declaraci\u00f3n para la implementaci\u00f3n de un sistema regional de certificaci\u00f3n de hidr\u00f3geno y sus derivados que cumpla con est\u00e1ndares internacionales y considere las caracter\u00edsticas propias de Latinoam\u00e9rica y El Caribe.<\/p>\n<p>Simult\u00e1neamente, el BID y OLACDE lanzaron CertHiLAC, un sistema de certificaci\u00f3n para la producci\u00f3n de hidr\u00f3geno limpio y bajo en carbono en la regi\u00f3n. Con el apoyo de ministros de energ\u00eda de varios pa\u00edses, esto subraya el compromiso regional con una econom\u00eda del hidr\u00f3geno limpia y baja en carbono. CertHiLAC garantizar\u00e1 la trazabilidad del producto, ofreciendo informaci\u00f3n detallada sobre la intensidad de carbono y la tecnolog\u00eda de producci\u00f3n, e incluir\u00e1 atributos de sostenibilidad ambiental y social. El objetivo es facilitar las exportaciones de hidr\u00f3geno limpio a otras regiones. Ministros y Secretarios de Energ\u00eda de Argentina, Bolivia, Chile, Colombia, Ecuador, El Salvador, Guatemala, Honduras, M\u00e9xico, Panam\u00e1, Paraguay, Rep\u00fablica Dominicana, Trinidad y Tobago y Uruguay firmaron una declaraci\u00f3n conjunta para la implementaci\u00f3n de CertHiLAC.<\/p>\n<p>Para garantizar la implementaci\u00f3n efectiva del CertHiLAC, se ha creado un Grupo de Representantes del Sistema, compuesto por dos representantes de cada gobierno, que se encargar\u00e1 de emitir recomendaciones, establecer la gobernanza regional y nacional, y definir los actores del sistema. La Organizaci\u00f3n Latinoamericana y Caribe\u00f1a de Energ\u00eda (OLACDE) actuar\u00e1 como ente coordinador del CertHiLAC, facilitando la colaboraci\u00f3n entre los pa\u00edses y dem\u00e1s actores interesados.<\/p>\n<p>CertHiLAC es el impulso a la econom\u00eda de hidrogeno limpio a trav\u00e9s de un sistema de certificaci\u00f3n regional que ayudar a crear un entorno regulatorio favorable, fomentar la inversi\u00f3n y facilitar el intercambio de conocimiento. El CertHiLAC no solo beneficiar\u00e1 a los pa\u00edses firmantes, sino que tambi\u00e9n se convertir\u00e1 en un est\u00e1ndar regional reconocido internacionalmente, fomentando la cooperaci\u00f3n global en el mercado del hidr\u00f3geno limpio y de bajas emisiones. Este sistema de certificaci\u00f3n, voluntario y adaptable, servir\u00e1 como herramienta para alcanzar las metas de descarbonizaci\u00f3n y contribuir\u00e1 significativamente a un futuro energ\u00e9tico m\u00e1s sostenible para Am\u00e9rica Latina y el Caribe.<\/p>\n","protected":false},"excerpt":{"rendered":"<p>En la Conferencia de las Naciones Unidas sobre el Cambio Clim\u00e1tico (COP28) de 2023, el Banco Interamericano de Desarrollo (BID) se comprometi\u00f3 a acelerar la descarbonizaci\u00f3n respaldando junto con la Organizaci\u00f3n Latinoamericana de la Energ\u00eda (OLACDE), la declaraci\u00f3n &#8220;Descarbonizando ALC&#8221; para la industria pesada e introduciendo CertHiLAC, un sistema de certificaci\u00f3n para la producci\u00f3n de [&hellip;]<\/p>\n","protected":false},"author":1,"featured_media":0,"parent":0,"menu_order":0,"comment_status":"closed","ping_status":"closed","template":"","meta":{"_acf_changed":false,"footnotes":""},"class_list":["post-20600","page","type-page","status-publish","hentry"],"acf":[],"yoast_head":"<!-- This site is optimized with the Yoast SEO Premium plugin v23.0 (Yoast SEO v23.1) - https:\/\/yoast.com\/wordpress\/plugins\/seo\/ -->\n<title>CertHiLAC: Clean hydrogen certification system for Latin America and the Caribbean - OLACDE<\/title>\n<meta name=\"robots\" content=\"index, follow, max-snippet:-1, max-image-preview:large, max-video-preview:-1\" \/>\n<link rel=\"canonical\" href=\"https:\/\/www.olade.org\/en\/certhilac-clean-hydrogen-certification-system-for-latin-america-and-the-caribbean\/\" \/>\n<meta property=\"og:locale\" content=\"en_US\" \/>\n<meta property=\"og:type\" content=\"article\" \/>\n<meta property=\"og:title\" content=\"CertHiLAC: Clean hydrogen certification system for Latin America and the Caribbean\" \/>\n<meta property=\"og:description\" content=\"En la Conferencia de las Naciones Unidas sobre el Cambio Clim\u00e1tico (COP28) de 2023, el Banco Interamericano de Desarrollo (BID) se comprometi\u00f3 a acelerar la descarbonizaci\u00f3n respaldando junto con la Organizaci\u00f3n Latinoamericana de la Energ\u00eda (OLACDE), la declaraci\u00f3n &#8220;Descarbonizando ALC&#8221; para la industria pesada e introduciendo CertHiLAC, un sistema de certificaci\u00f3n para la producci\u00f3n de [&hellip;]\" \/>\n<meta property=\"og:url\" content=\"https:\/\/www.olade.org\/en\/certhilac-clean-hydrogen-certification-system-for-latin-america-and-the-caribbean\/\" \/>\n<meta property=\"og:site_name\" content=\"OLACDE\" \/>\n<meta property=\"article:publisher\" content=\"https:\/\/www.facebook.com\/OLADEORG\" \/>\n<meta property=\"article:modified_time\" content=\"2024-04-21T01:05:30+00:00\" \/>\n<meta name=\"twitter:card\" content=\"summary_large_image\" \/>\n<meta name=\"twitter:site\" content=\"@OLADEORG\" \/>\n<meta name=\"twitter:label1\" content=\"Est. reading time\" \/>\n\t<meta name=\"twitter:data1\" content=\"2 minutes\" \/>\n<script type=\"application\/ld+json\" class=\"yoast-schema-graph\">{\"@context\":\"https:\/\/schema.org\",\"@graph\":[{\"@type\":\"WebPage\",\"@id\":\"https:\/\/www.olade.org\/en\/certhilac-clean-hydrogen-certification-system-for-latin-america-and-the-caribbean\/\",\"url\":\"https:\/\/www.olade.org\/en\/certhilac-clean-hydrogen-certification-system-for-latin-america-and-the-caribbean\/\",\"name\":\"CertHiLAC: Clean hydrogen certification system for Latin America and the Caribbean - OLACDE\",\"isPartOf\":{\"@id\":\"https:\/\/www.olade.org\/en\/#website\"},\"datePublished\":\"2024-04-21T00:54:26+00:00\",\"dateModified\":\"2024-04-21T01:05:30+00:00\",\"breadcrumb\":{\"@id\":\"https:\/\/www.olade.org\/en\/certhilac-clean-hydrogen-certification-system-for-latin-america-and-the-caribbean\/#breadcrumb\"},\"inLanguage\":\"en-US\",\"potentialAction\":[{\"@type\":\"ReadAction\",\"target\":[\"https:\/\/www.olade.org\/en\/certhilac-clean-hydrogen-certification-system-for-latin-america-and-the-caribbean\/\"]}]},{\"@type\":\"BreadcrumbList\",\"@id\":\"https:\/\/www.olade.org\/en\/certhilac-clean-hydrogen-certification-system-for-latin-america-and-the-caribbean\/#breadcrumb\",\"itemListElement\":[{\"@type\":\"ListItem\",\"position\":1,\"name\":\"Home\",\"item\":\"https:\/\/www.olade.org\/en\/\"},{\"@type\":\"ListItem\",\"position\":2,\"name\":\"CertHiLAC: Clean hydrogen certification system for Latin America and the Caribbean\"}]},{\"@type\":\"WebSite\",\"@id\":\"https:\/\/www.olade.org\/en\/#website\",\"url\":\"https:\/\/www.olade.org\/en\/\",\"name\":\"OLADE\",\"description\":\"La Organizaci\u00f3n Latinoamericana y Caribe\u00f1a de Energ\u00eda\",\"publisher\":{\"@id\":\"https:\/\/www.olade.org\/en\/#organization\"},\"potentialAction\":[{\"@type\":\"SearchAction\",\"target\":{\"@type\":\"EntryPoint\",\"urlTemplate\":\"https:\/\/www.olade.org\/en\/?s={search_term_string}\"},\"query-input\":\"required name=search_term_string\"}],\"inLanguage\":\"en-US\"},{\"@type\":\"Organization\",\"@id\":\"https:\/\/www.olade.org\/en\/#organization\",\"name\":\"OLADE\",\"url\":\"https:\/\/www.olade.org\/en\/\",\"logo\":{\"@type\":\"ImageObject\",\"inLanguage\":\"en-US\",\"@id\":\"https:\/\/www.olade.org\/en\/#\/schema\/logo\/image\/\",\"url\":\"https:\/\/www.olade.org\/wp-content\/uploads\/2024\/03\/Logo-OLADE-WEB_Color.png\",\"contentUrl\":\"https:\/\/www.olade.org\/wp-content\/uploads\/2024\/03\/Logo-OLADE-WEB_Color.png\",\"width\":300,\"height\":132,\"caption\":\"OLADE\"},\"image\":{\"@id\":\"https:\/\/www.olade.org\/en\/#\/schema\/logo\/image\/\"},\"sameAs\":[\"https:\/\/www.facebook.com\/OLADEORG\",\"https:\/\/x.com\/OLADEORG\",\"https:\/\/www.youtube.com\/user\/oladeorg\",\"https:\/\/www.instagram.com\/oladealc\/\",\"https:\/\/www.linkedin.com\/company\/olade\/\"],\"description\":\"La Organizaci\u00f3n Latinoamericana de Energ\u00eda (OLADE) es un organismo de cooperaci\u00f3n, coordinaci\u00f3n y asesor\u00eda t\u00e9cnica, de car\u00e1cter p\u00fablico intergubernamental, constituido el 2 de noviembre de 1973 mediante la suscripci\u00f3n del Convenio de Lima, ratificado por 27 pa\u00edses de Am\u00e9rica Latina y El Caribe, con el objetivo fundamental de fomentar la integraci\u00f3n, conservaci\u00f3n, racional aprovechamiento, comercializaci\u00f3n y defensa de los recursos energ\u00e9ticos de la Regi\u00f3n.\",\"email\":\"info@olade.org\",\"telephone\":\"+59322598122\",\"legalName\":\"Organizaci\u00f3n Latinoamericana de Energ\u00eda\",\"foundingDate\":\"1973-11-02\",\"numberOfEmployees\":{\"@type\":\"QuantitativeValue\",\"minValue\":\"51\",\"maxValue\":\"200\"}}]}<\/script>\n<!-- \/ Yoast SEO Premium plugin. -->","yoast_head_json":{"title":"CertHiLAC: Clean hydrogen certification system for Latin America and the Caribbean - OLACDE","robots":{"index":"index","follow":"follow","max-snippet":"max-snippet:-1","max-image-preview":"max-image-preview:large","max-video-preview":"max-video-preview:-1"},"canonical":"https:\/\/www.olade.org\/en\/certhilac-clean-hydrogen-certification-system-for-latin-america-and-the-caribbean\/","og_locale":"en_US","og_type":"article","og_title":"CertHiLAC: Clean hydrogen certification system for Latin America and the Caribbean","og_description":"En la Conferencia de las Naciones Unidas sobre el Cambio Clim\u00e1tico (COP28) de 2023, el Banco Interamericano de Desarrollo (BID) se comprometi\u00f3 a acelerar la descarbonizaci\u00f3n respaldando junto con la Organizaci\u00f3n Latinoamericana de la Energ\u00eda (OLACDE), la declaraci\u00f3n &#8220;Descarbonizando ALC&#8221; para la industria pesada e introduciendo CertHiLAC, un sistema de certificaci\u00f3n para la producci\u00f3n de [&hellip;]","og_url":"https:\/\/www.olade.org\/en\/certhilac-clean-hydrogen-certification-system-for-latin-america-and-the-caribbean\/","og_site_name":"OLACDE","article_publisher":"https:\/\/www.facebook.com\/OLADEORG","article_modified_time":"2024-04-21T01:05:30+00:00","twitter_card":"summary_large_image","twitter_site":"@OLADEORG","twitter_misc":{"Est. reading time":"2 minutes"},"schema":{"@context":"https:\/\/schema.org","@graph":[{"@type":"WebPage","@id":"https:\/\/www.olade.org\/en\/certhilac-clean-hydrogen-certification-system-for-latin-america-and-the-caribbean\/","url":"https:\/\/www.olade.org\/en\/certhilac-clean-hydrogen-certification-system-for-latin-america-and-the-caribbean\/","name":"CertHiLAC: Clean hydrogen certification system for Latin America and the Caribbean - OLACDE","isPartOf":{"@id":"https:\/\/www.olade.org\/en\/#website"},"datePublished":"2024-04-21T00:54:26+00:00","dateModified":"2024-04-21T01:05:30+00:00","breadcrumb":{"@id":"https:\/\/www.olade.org\/en\/certhilac-clean-hydrogen-certification-system-for-latin-america-and-the-caribbean\/#breadcrumb"},"inLanguage":"en-US","potentialAction":[{"@type":"ReadAction","target":["https:\/\/www.olade.org\/en\/certhilac-clean-hydrogen-certification-system-for-latin-america-and-the-caribbean\/"]}]},{"@type":"BreadcrumbList","@id":"https:\/\/www.olade.org\/en\/certhilac-clean-hydrogen-certification-system-for-latin-america-and-the-caribbean\/#breadcrumb","itemListElement":[{"@type":"ListItem","position":1,"name":"Home","item":"https:\/\/www.olade.org\/en\/"},{"@type":"ListItem","position":2,"name":"CertHiLAC: Clean hydrogen certification system for Latin America and the Caribbean"}]},{"@type":"WebSite","@id":"https:\/\/www.olade.org\/en\/#website","url":"https:\/\/www.olade.org\/en\/","name":"OLADE","description":"La Organizaci\u00f3n Latinoamericana y Caribe\u00f1a de Energ\u00eda","publisher":{"@id":"https:\/\/www.olade.org\/en\/#organization"},"potentialAction":[{"@type":"SearchAction","target":{"@type":"EntryPoint","urlTemplate":"https:\/\/www.olade.org\/en\/?s={search_term_string}"},"query-input":"required name=search_term_string"}],"inLanguage":"en-US"},{"@type":"Organization","@id":"https:\/\/www.olade.org\/en\/#organization","name":"OLADE","url":"https:\/\/www.olade.org\/en\/","logo":{"@type":"ImageObject","inLanguage":"en-US","@id":"https:\/\/www.olade.org\/en\/#\/schema\/logo\/image\/","url":"https:\/\/www.olade.org\/wp-content\/uploads\/2024\/03\/Logo-OLADE-WEB_Color.png","contentUrl":"https:\/\/www.olade.org\/wp-content\/uploads\/2024\/03\/Logo-OLADE-WEB_Color.png","width":300,"height":132,"caption":"OLADE"},"image":{"@id":"https:\/\/www.olade.org\/en\/#\/schema\/logo\/image\/"},"sameAs":["https:\/\/www.facebook.com\/OLADEORG","https:\/\/x.com\/OLADEORG","https:\/\/www.youtube.com\/user\/oladeorg","https:\/\/www.instagram.com\/oladealc\/","https:\/\/www.linkedin.com\/company\/olade\/"],"description":"La Organizaci\u00f3n Latinoamericana de Energ\u00eda (OLADE) es un organismo de cooperaci\u00f3n, coordinaci\u00f3n y asesor\u00eda t\u00e9cnica, de car\u00e1cter p\u00fablico intergubernamental, constituido el 2 de noviembre de 1973 mediante la suscripci\u00f3n del Convenio de Lima, ratificado por 27 pa\u00edses de Am\u00e9rica Latina y El Caribe, con el objetivo fundamental de fomentar la integraci\u00f3n, conservaci\u00f3n, racional aprovechamiento, comercializaci\u00f3n y defensa de los recursos energ\u00e9ticos de la Regi\u00f3n.","email":"info@olade.org","telephone":"+59322598122","legalName":"Organizaci\u00f3n Latinoamericana de Energ\u00eda","foundingDate":"1973-11-02","numberOfEmployees":{"@type":"QuantitativeValue","minValue":"51","maxValue":"200"}}]}},"_links":{"self":[{"href":"https:\/\/www.olade.org\/en\/wp-json\/wp\/v2\/pages\/20600"}],"collection":[{"href":"https:\/\/www.olade.org\/en\/wp-json\/wp\/v2\/pages"}],"about":[{"href":"https:\/\/www.olade.org\/en\/wp-json\/wp\/v2\/types\/page"}],"author":[{"embeddable":true,"href":"https:\/\/www.olade.org\/en\/wp-json\/wp\/v2\/users\/1"}],"replies":[{"embeddable":true,"href":"https:\/\/www.olade.org\/en\/wp-json\/wp\/v2\/comments?post=20600"}],"version-history":[{"count":1,"href":"https:\/\/www.olade.org\/en\/wp-json\/wp\/v2\/pages\/20600\/revisions"}],"predecessor-version":[{"id":20601,"href":"https:\/\/www.olade.org\/en\/wp-json\/wp\/v2\/pages\/20600\/revisions\/20601"}],"wp:attachment":[{"href":"https:\/\/www.olade.org\/en\/wp-json\/wp\/v2\/media?parent=20600"}],"curies":[{"name":"wp","href":"https:\/\/api.w.org\/{rel}","templated":true}]}}