{"id":12531,"date":"2020-05-06T22:51:32","date_gmt":"2020-05-07T03:51:32","guid":{"rendered":"http:\/\/www.olade.org\/?page_id=12531"},"modified":"2025-11-27T14:12:53","modified_gmt":"2025-11-27T19:12:53","slug":"contact","status":"publish","type":"page","link":"https:\/\/www.olade.org\/en\/contact\/","title":{"rendered":"Contact"},"content":{"rendered":"<div class=\"wpb-content-wrapper\">\t\t<div data-elementor-type=\"wp-page\" data-elementor-id=\"12531\" class=\"elementor elementor-12531 elementor-149\" data-elementor-post-type=\"page\">\n\t\t\t\t\t\t<section class=\"elementor-section elementor-top-section elementor-element elementor-element-324e35e7 elementor-section-boxed elementor-section-height-default elementor-section-height-default\" data-id=\"324e35e7\" data-element_type=\"section\" data-settings=\"{&quot;_ha_eqh_enable&quot;:false}\">\n\t\t\t\t\t\t<div class=\"elementor-container elementor-column-gap-default\">\n\t\t\t\t\t<div class=\"elementor-column elementor-col-100 elementor-top-column elementor-element elementor-element-7de91190\" data-id=\"7de91190\" data-element_type=\"column\">\n\t\t\t<div class=\"elementor-widget-wrap elementor-element-populated\">\n\t\t\t\t\t\t<div class=\"elementor-element elementor-element-670e1803 elementor-widget elementor-widget-text-editor\" data-id=\"670e1803\" data-element_type=\"widget\" data-widget_type=\"text-editor.default\">\n\t\t\t\t<div class=\"elementor-widget-container\">\n\t\t\t<style>\/*! elementor - v3.23.0 - 23-07-2024 *\/\n.elementor-widget-text-editor.elementor-drop-cap-view-stacked .elementor-drop-cap{background-color:#69727d;color:#fff}.elementor-widget-text-editor.elementor-drop-cap-view-framed .elementor-drop-cap{color:#69727d;border:3px solid;background-color:transparent}.elementor-widget-text-editor:not(.elementor-drop-cap-view-default) .elementor-drop-cap{margin-top:8px}.elementor-widget-text-editor:not(.elementor-drop-cap-view-default) .elementor-drop-cap-letter{width:1em;height:1em}.elementor-widget-text-editor .elementor-drop-cap{float:left;text-align:center;line-height:1;font-size:50px}.elementor-widget-text-editor .elementor-drop-cap-letter{display:inline-block}<\/style>\t\t\t\t<div class=\"row vc_row wpb_row vc_row-fluid\"><div class=\"jeg-vc-wrapper\"><div class=\"wpb_column jeg_column vc_column_container vc_col-sm-12 jeg_main_content\"><div class=\"jeg_wrapper wpb_wrapper\"><div class=\"vc_empty_space\"   style=\"height: 32px\"><span class=\"vc_empty_space_inner\"><\/span><\/div><\/div><\/div><\/div><\/div><div class=\"row vc_row wpb_row vc_row-fluid\"><div class=\"jeg-vc-wrapper\"><div class=\"wpb_column jeg_column vc_column_container vc_col-sm-4 jeg_main_content\"><div class=\"jeg_wrapper wpb_wrapper\"><h2 style=\"font-size: 20px;text-align: left;font-family:Oxygen;font-weight:700;font-style:normal\" class=\"vc_custom_heading vc_do_custom_heading\" >OLACDE Contact<\/h2>\n\t<div  class=\"wpb_single_image wpb_content_element vc_align_left wpb_content_element\">\n\t\t\n\t\t<figure class=\"wpb_wrapper vc_figure\">\n\t\t\t<div class=\"vc_single_image-wrapper vc_box_rounded  vc_box_border_grey\"><img fetchpriority=\"high\" decoding=\"async\" width=\"2560\" height=\"1672\" src=\"https:\/\/www.olade.org\/wp-content\/uploads\/2020\/05\/edificio_Olade-scaled.jpg\" class=\"vc_single_image-img attachment-full\" alt=\"\" title=\"edificio_OLACDE\" srcset=\"https:\/\/www.olade.org\/wp-content\/uploads\/2020\/05\/edificio_Olade-scaled.jpg 2560w, https:\/\/www.olade.org\/wp-content\/uploads\/2020\/05\/edificio_Olade-300x196.jpg 300w, https:\/\/www.olade.org\/wp-content\/uploads\/2020\/05\/edificio_Olade-1024x669.jpg 1024w, https:\/\/www.olade.org\/wp-content\/uploads\/2020\/05\/edificio_Olade-768x502.jpg 768w, https:\/\/www.olade.org\/wp-content\/uploads\/2020\/05\/edificio_Olade-1536x1003.jpg 1536w, https:\/\/www.olade.org\/wp-content\/uploads\/2020\/05\/edificio_Olade-2048x1337.jpg 2048w, https:\/\/www.olade.org\/wp-content\/uploads\/2020\/05\/edificio_Olade-750x490.jpg 750w, https:\/\/www.olade.org\/wp-content\/uploads\/2020\/05\/edificio_Olade-1140x744.jpg 1140w\" sizes=\"(max-width: 2560px) 100vw, 2560px\" \/><\/div>\n\t\t<\/figure>\n\t<\/div>\n\n\t<div class=\"wpb_text_column wpb_content_element\" >\n\t\t<div class=\"wpb_wrapper\">\n\t\t\t<div class=\"iguru_module_text custom_font\">\n<strong>\u2722\u00a0Address:<\/strong> Av. Mariscal Antonio Jos\u00e9 de Sucre N58-63 y Fern\u00e1ndez Salvador Edif. OLACDE &#8211; San Carlos, Quito &#8211; Ecuador.<\/p>\n<p><strong>\u2295 E-mail: <a href=\"mailto:OLADE@OLADE.org\">OLADE@OLADE.org<\/a><\/strong><\/p>\n<div class=\"iguru_module_spacing\">\n<div class=\"spacing_size spacing_size-initial\"><strong>\u2709 Web: <a href=\"http:\/\/OLADE.org\">www.OLADE.org<\/a><\/strong><\/div>\n<\/div>\n<div class=\"iguru_module_text custom_font\">\n<strong>\u260f Phone:<\/strong> (+593 2) 259 8122 \/ 2598 280\n<\/div>\n<\/div>\n\n\t\t<\/div>\n\t<\/div>\n<\/div><\/div><div class=\"wpb_column jeg_column vc_column_container vc_col-sm-4 jeg_main_content\"><div class=\"jeg_wrapper wpb_wrapper\">\n\t<div  class=\"wpb_single_image wpb_content_element vc_align_center wpb_content_element\">\n\t\t\n\t\t<figure class=\"wpb_wrapper vc_figure\">\n\t\t\t<div class=\"vc_single_image-wrapper   vc_box_border_grey\"><img decoding=\"async\" width=\"315\" height=\"400\" src=\"https:\/\/www.olade.org\/wp-content\/uploads\/2020\/05\/logo__Olade_PNG-1.png\" class=\"vc_single_image-img attachment-full\" alt=\"\" title=\"logo__OLACDE_PNG-1\" srcset=\"https:\/\/www.olade.org\/wp-content\/uploads\/2020\/05\/logo__Olade_PNG-1.png 315w, https:\/\/www.olade.org\/wp-content\/uploads\/2020\/05\/logo__Olade_PNG-1-205x260.png 205w, https:\/\/www.olade.org\/wp-content\/uploads\/2020\/05\/logo__Olade_PNG-1-236x300.png 236w\" sizes=\"(max-width: 315px) 100vw, 315px\" \/><\/div>\n\t\t<\/figure>\n\t<\/div>\n<\/div><\/div><div class=\"wpb_column jeg_column vc_column_container vc_col-sm-4 jeg_main_content\"><div class=\"jeg_wrapper wpb_wrapper\"><h2 style=\"font-size: 20px;text-align: left;font-family:Oxygen;font-weight:700;font-style:normal\" class=\"vc_custom_heading vc_do_custom_heading\" >OLACDE &#8211; Latin American<\/h2><div class=\"wpb_gmaps_widget wpb_content_element\"><div class=\"wpb_wrapper\"><div class=\"wpb_map_wraper\"><iframe src=\"https:\/\/www.google.com\/maps\/embed?pb=!1m18!1m12!1m3!1d3989.807877116916!2d-78.50481868508689!3d-0.1310926999043495!2m3!1f0!2f0!3f0!3m2!1i1024!2i768!4f13.1!3m3!1m2!1s0x91d5853e91955555%3A0x8b02862ee04c64bf!2sOrganizaci%C3%B3n%20Latinoamericana%20de%20Energ%C3%ADa%20(OLADE)!5e0!3m2!1ses!2sec!4v1589319301296!5m2!1ses!2sec\" width=\"600\" height=\"450\" frameborder=\"0\" style=\"border:0;\" allowfullscreen=\"\" aria-hidden=\"false\" tabindex=\"0\"><\/iframe><\/div><\/div><\/div><\/div><\/div><\/div><\/div><div class=\"row vc_row wpb_row vc_row-fluid\"><div class=\"jeg-vc-wrapper\"><div class=\"wpb_column jeg_column vc_column_container vc_col-sm-12 jeg_main_content\"><div class=\"jeg_wrapper wpb_wrapper\"><div class=\"vc_separator wpb_content_element vc_separator_align_center vc_sep_width_100 vc_sep_border_width_2 vc_sep_pos_align_center vc_separator_no_text vc_sep_color_blue wpb_content_element  wpb_content_element\" ><span class=\"vc_sep_holder vc_sep_holder_l\"><span class=\"vc_sep_line\"><\/span><\/span><span class=\"vc_sep_holder vc_sep_holder_r\"><span class=\"vc_sep_line\"><\/span><\/span>\n<\/div><\/div><\/div><\/div><\/div>\t\t\t\t\t\t<\/div>\n\t\t\t\t<\/div>\n\t\t\t\t\t<\/div>\n\t\t<\/div>\n\t\t\t\t\t<\/div>\n\t\t<\/section>\n\t\t\t\t<\/div>\n\t\t<\/div>","protected":false},"excerpt":{"rendered":"<p>[vc_row][vc_column][vc_empty_space][\/vc_column][\/vc_row][vc_row][vc_column width=&#8221;1\/3&#8243;][vc_custom_heading text=&#8221;OLACDE Contact&#8221; font_container=&#8221;tag:h2|font_size:20|text_align:left&#8221; google_fonts=&#8221;font_family:Oxygen%3A300%2Cregular%2C700|font_style:700%20bold%20regular%3A700%3Anormal&#8221;][vc_single_image image=&#8221;16352&#8243; img_size=&#8221;full&#8221; style=&#8221;vc_box_rounded&#8221;][vc_column_text] \u2722\u00a0Address: Av. Mariscal Antonio Jos\u00e9 de Sucre N58-63 y Fern\u00e1ndez Salvador Edif. OLACDE &#8211; San Carlos, Quito &#8211; Ecuador. \u2295 E-mail: OLADE@OLADE.org \u2709 Web: www.OLADE.org \u260f Phone: (+593 2) 259 8122 \/ 2598 280 [\/vc_column_text][\/vc_column][vc_column width=&#8221;1\/3&#8243;][vc_single_image image=&#8221;16390&#8243; img_size=&#8221;full&#8221; alignment=&#8221;center&#8221;][\/vc_column][vc_column width=&#8221;1\/3&#8243;][vc_custom_heading text=&#8221;OLACDE &#8211; Latin American&#8221; font_container=&#8221;tag:h2|font_size:20|text_align:left&#8221; google_fonts=&#8221;font_family:Oxygen%3A300%2Cregular%2C700|font_style:700%20bold%20regular%3A700%3Anormal&#8221;][vc_gmaps [&hellip;]<\/p>\n","protected":false},"author":1,"featured_media":0,"parent":0,"menu_order":0,"comment_status":"closed","ping_status":"closed","template":"","meta":{"_acf_changed":false,"footnotes":""},"class_list":["post-12531","page","type-page","status-publish","hentry"],"acf":[],"yoast_head":"<!-- This site is optimized with the Yoast SEO Premium plugin v23.0 (Yoast SEO v23.1) - https:\/\/yoast.com\/wordpress\/plugins\/seo\/ -->\n<title>Contact - OLACDE<\/title>\n<meta name=\"robots\" content=\"index, follow, max-snippet:-1, max-image-preview:large, max-video-preview:-1\" \/>\n<link rel=\"canonical\" href=\"https:\/\/www.olade.org\/en\/contact\/\" \/>\n<meta property=\"og:locale\" content=\"en_US\" \/>\n<meta property=\"og:type\" content=\"article\" \/>\n<meta property=\"og:title\" content=\"Contact\" \/>\n<meta property=\"og:description\" content=\"[vc_row][vc_column][vc_empty_space][\/vc_column][\/vc_row][vc_row][vc_column width=&#8221;1\/3&#8243;][vc_custom_heading text=&#8221;OLACDE Contact&#8221; font_container=&#8221;tag:h2|font_size:20|text_align:left&#8221; google_fonts=&#8221;font_family:Oxygen%3A300%2Cregular%2C700|font_style:700%20bold%20regular%3A700%3Anormal&#8221;][vc_single_image image=&#8221;16352&#8243; img_size=&#8221;full&#8221; style=&#8221;vc_box_rounded&#8221;][vc_column_text] \u2722\u00a0Address: Av. Mariscal Antonio Jos\u00e9 de Sucre N58-63 y Fern\u00e1ndez Salvador Edif. OLACDE &#8211; San Carlos, Quito &#8211; Ecuador. \u2295 E-mail: OLADE@OLADE.org \u2709 Web: www.OLADE.org \u260f Phone: (+593 2) 259 8122 \/ 2598 280 [\/vc_column_text][\/vc_column][vc_column width=&#8221;1\/3&#8243;][vc_single_image image=&#8221;16390&#8243; img_size=&#8221;full&#8221; alignment=&#8221;center&#8221;][\/vc_column][vc_column width=&#8221;1\/3&#8243;][vc_custom_heading text=&#8221;OLACDE &#8211; Latin American&#8221; font_container=&#8221;tag:h2|font_size:20|text_align:left&#8221; google_fonts=&#8221;font_family:Oxygen%3A300%2Cregular%2C700|font_style:700%20bold%20regular%3A700%3Anormal&#8221;][vc_gmaps [&hellip;]\" \/>\n<meta property=\"og:url\" content=\"https:\/\/www.olade.org\/en\/contact\/\" \/>\n<meta property=\"og:site_name\" content=\"OLACDE\" \/>\n<meta property=\"article:publisher\" content=\"https:\/\/www.facebook.com\/OLADEORG\" \/>\n<meta property=\"article:modified_time\" content=\"2025-11-27T19:12:53+00:00\" \/>\n<meta name=\"twitter:card\" content=\"summary_large_image\" \/>\n<meta name=\"twitter:site\" content=\"@OLADEORG\" \/>\n<meta name=\"twitter:label1\" content=\"Est. reading time\" \/>\n\t<meta name=\"twitter:data1\" content=\"1 minute\" \/>\n<script type=\"application\/ld+json\" class=\"yoast-schema-graph\">{\"@context\":\"https:\/\/schema.org\",\"@graph\":[{\"@type\":\"WebPage\",\"@id\":\"https:\/\/www.olade.org\/en\/contact\/\",\"url\":\"https:\/\/www.olade.org\/en\/contact\/\",\"name\":\"Contact - OLACDE\",\"isPartOf\":{\"@id\":\"https:\/\/www.olade.org\/en\/#website\"},\"datePublished\":\"2020-05-07T03:51:32+00:00\",\"dateModified\":\"2025-11-27T19:12:53+00:00\",\"breadcrumb\":{\"@id\":\"https:\/\/www.olade.org\/en\/contact\/#breadcrumb\"},\"inLanguage\":\"en-US\",\"potentialAction\":[{\"@type\":\"ReadAction\",\"target\":[\"https:\/\/www.olade.org\/en\/contact\/\"]}]},{\"@type\":\"BreadcrumbList\",\"@id\":\"https:\/\/www.olade.org\/en\/contact\/#breadcrumb\",\"itemListElement\":[{\"@type\":\"ListItem\",\"position\":1,\"name\":\"Home\",\"item\":\"https:\/\/www.olade.org\/en\/\"},{\"@type\":\"ListItem\",\"position\":2,\"name\":\"Contact\"}]},{\"@type\":\"WebSite\",\"@id\":\"https:\/\/www.olade.org\/en\/#website\",\"url\":\"https:\/\/www.olade.org\/en\/\",\"name\":\"OLADE\",\"description\":\"La Organizaci\u00f3n Latinoamericana y Caribe\u00f1a de Energ\u00eda\",\"publisher\":{\"@id\":\"https:\/\/www.olade.org\/en\/#organization\"},\"potentialAction\":[{\"@type\":\"SearchAction\",\"target\":{\"@type\":\"EntryPoint\",\"urlTemplate\":\"https:\/\/www.olade.org\/en\/?s={search_term_string}\"},\"query-input\":\"required name=search_term_string\"}],\"inLanguage\":\"en-US\"},{\"@type\":\"Organization\",\"@id\":\"https:\/\/www.olade.org\/en\/#organization\",\"name\":\"OLADE\",\"url\":\"https:\/\/www.olade.org\/en\/\",\"logo\":{\"@type\":\"ImageObject\",\"inLanguage\":\"en-US\",\"@id\":\"https:\/\/www.olade.org\/en\/#\/schema\/logo\/image\/\",\"url\":\"https:\/\/www.olade.org\/wp-content\/uploads\/2024\/03\/Logo-OLADE-WEB_Color.png\",\"contentUrl\":\"https:\/\/www.olade.org\/wp-content\/uploads\/2024\/03\/Logo-OLADE-WEB_Color.png\",\"width\":300,\"height\":132,\"caption\":\"OLADE\"},\"image\":{\"@id\":\"https:\/\/www.olade.org\/en\/#\/schema\/logo\/image\/\"},\"sameAs\":[\"https:\/\/www.facebook.com\/OLADEORG\",\"https:\/\/x.com\/OLADEORG\",\"https:\/\/www.youtube.com\/user\/oladeorg\",\"https:\/\/www.instagram.com\/oladealc\/\",\"https:\/\/www.linkedin.com\/company\/olade\/\"],\"description\":\"La Organizaci\u00f3n Latinoamericana de Energ\u00eda (OLADE) es un organismo de cooperaci\u00f3n, coordinaci\u00f3n y asesor\u00eda t\u00e9cnica, de car\u00e1cter p\u00fablico intergubernamental, constituido el 2 de noviembre de 1973 mediante la suscripci\u00f3n del Convenio de Lima, ratificado por 27 pa\u00edses de Am\u00e9rica Latina y El Caribe, con el objetivo fundamental de fomentar la integraci\u00f3n, conservaci\u00f3n, racional aprovechamiento, comercializaci\u00f3n y defensa de los recursos energ\u00e9ticos de la Regi\u00f3n.\",\"email\":\"info@olade.org\",\"telephone\":\"+59322598122\",\"legalName\":\"Organizaci\u00f3n Latinoamericana de Energ\u00eda\",\"foundingDate\":\"1973-11-02\",\"numberOfEmployees\":{\"@type\":\"QuantitativeValue\",\"minValue\":\"51\",\"maxValue\":\"200\"}}]}<\/script>\n<!-- \/ Yoast SEO Premium plugin. -->","yoast_head_json":{"title":"Contact - OLACDE","robots":{"index":"index","follow":"follow","max-snippet":"max-snippet:-1","max-image-preview":"max-image-preview:large","max-video-preview":"max-video-preview:-1"},"canonical":"https:\/\/www.olade.org\/en\/contact\/","og_locale":"en_US","og_type":"article","og_title":"Contact","og_description":"[vc_row][vc_column][vc_empty_space][\/vc_column][\/vc_row][vc_row][vc_column width=&#8221;1\/3&#8243;][vc_custom_heading text=&#8221;OLACDE Contact&#8221; font_container=&#8221;tag:h2|font_size:20|text_align:left&#8221; google_fonts=&#8221;font_family:Oxygen%3A300%2Cregular%2C700|font_style:700%20bold%20regular%3A700%3Anormal&#8221;][vc_single_image image=&#8221;16352&#8243; img_size=&#8221;full&#8221; style=&#8221;vc_box_rounded&#8221;][vc_column_text] \u2722\u00a0Address: Av. Mariscal Antonio Jos\u00e9 de Sucre N58-63 y Fern\u00e1ndez Salvador Edif. OLACDE &#8211; San Carlos, Quito &#8211; Ecuador. \u2295 E-mail: OLADE@OLADE.org \u2709 Web: www.OLADE.org \u260f Phone: (+593 2) 259 8122 \/ 2598 280 [\/vc_column_text][\/vc_column][vc_column width=&#8221;1\/3&#8243;][vc_single_image image=&#8221;16390&#8243; img_size=&#8221;full&#8221; alignment=&#8221;center&#8221;][\/vc_column][vc_column width=&#8221;1\/3&#8243;][vc_custom_heading text=&#8221;OLACDE &#8211; Latin American&#8221; font_container=&#8221;tag:h2|font_size:20|text_align:left&#8221; google_fonts=&#8221;font_family:Oxygen%3A300%2Cregular%2C700|font_style:700%20bold%20regular%3A700%3Anormal&#8221;][vc_gmaps [&hellip;]","og_url":"https:\/\/www.olade.org\/en\/contact\/","og_site_name":"OLACDE","article_publisher":"https:\/\/www.facebook.com\/OLADEORG","article_modified_time":"2025-11-27T19:12:53+00:00","twitter_card":"summary_large_image","twitter_site":"@OLADEORG","twitter_misc":{"Est. reading time":"1 minute"},"schema":{"@context":"https:\/\/schema.org","@graph":[{"@type":"WebPage","@id":"https:\/\/www.olade.org\/en\/contact\/","url":"https:\/\/www.olade.org\/en\/contact\/","name":"Contact - OLACDE","isPartOf":{"@id":"https:\/\/www.olade.org\/en\/#website"},"datePublished":"2020-05-07T03:51:32+00:00","dateModified":"2025-11-27T19:12:53+00:00","breadcrumb":{"@id":"https:\/\/www.olade.org\/en\/contact\/#breadcrumb"},"inLanguage":"en-US","potentialAction":[{"@type":"ReadAction","target":["https:\/\/www.olade.org\/en\/contact\/"]}]},{"@type":"BreadcrumbList","@id":"https:\/\/www.olade.org\/en\/contact\/#breadcrumb","itemListElement":[{"@type":"ListItem","position":1,"name":"Home","item":"https:\/\/www.olade.org\/en\/"},{"@type":"ListItem","position":2,"name":"Contact"}]},{"@type":"WebSite","@id":"https:\/\/www.olade.org\/en\/#website","url":"https:\/\/www.olade.org\/en\/","name":"OLADE","description":"La Organizaci\u00f3n Latinoamericana y Caribe\u00f1a de Energ\u00eda","publisher":{"@id":"https:\/\/www.olade.org\/en\/#organization"},"potentialAction":[{"@type":"SearchAction","target":{"@type":"EntryPoint","urlTemplate":"https:\/\/www.olade.org\/en\/?s={search_term_string}"},"query-input":"required name=search_term_string"}],"inLanguage":"en-US"},{"@type":"Organization","@id":"https:\/\/www.olade.org\/en\/#organization","name":"OLADE","url":"https:\/\/www.olade.org\/en\/","logo":{"@type":"ImageObject","inLanguage":"en-US","@id":"https:\/\/www.olade.org\/en\/#\/schema\/logo\/image\/","url":"https:\/\/www.olade.org\/wp-content\/uploads\/2024\/03\/Logo-OLADE-WEB_Color.png","contentUrl":"https:\/\/www.olade.org\/wp-content\/uploads\/2024\/03\/Logo-OLADE-WEB_Color.png","width":300,"height":132,"caption":"OLADE"},"image":{"@id":"https:\/\/www.olade.org\/en\/#\/schema\/logo\/image\/"},"sameAs":["https:\/\/www.facebook.com\/OLADEORG","https:\/\/x.com\/OLADEORG","https:\/\/www.youtube.com\/user\/oladeorg","https:\/\/www.instagram.com\/oladealc\/","https:\/\/www.linkedin.com\/company\/olade\/"],"description":"La Organizaci\u00f3n Latinoamericana de Energ\u00eda (OLADE) es un organismo de cooperaci\u00f3n, coordinaci\u00f3n y asesor\u00eda t\u00e9cnica, de car\u00e1cter p\u00fablico intergubernamental, constituido el 2 de noviembre de 1973 mediante la suscripci\u00f3n del Convenio de Lima, ratificado por 27 pa\u00edses de Am\u00e9rica Latina y El Caribe, con el objetivo fundamental de fomentar la integraci\u00f3n, conservaci\u00f3n, racional aprovechamiento, comercializaci\u00f3n y defensa de los recursos energ\u00e9ticos de la Regi\u00f3n.","email":"info@olade.org","telephone":"+59322598122","legalName":"Organizaci\u00f3n Latinoamericana de Energ\u00eda","foundingDate":"1973-11-02","numberOfEmployees":{"@type":"QuantitativeValue","minValue":"51","maxValue":"200"}}]}},"_links":{"self":[{"href":"https:\/\/www.olade.org\/en\/wp-json\/wp\/v2\/pages\/12531"}],"collection":[{"href":"https:\/\/www.olade.org\/en\/wp-json\/wp\/v2\/pages"}],"about":[{"href":"https:\/\/www.olade.org\/en\/wp-json\/wp\/v2\/types\/page"}],"author":[{"embeddable":true,"href":"https:\/\/www.olade.org\/en\/wp-json\/wp\/v2\/users\/1"}],"replies":[{"embeddable":true,"href":"https:\/\/www.olade.org\/en\/wp-json\/wp\/v2\/comments?post=12531"}],"version-history":[{"count":9,"href":"https:\/\/www.olade.org\/en\/wp-json\/wp\/v2\/pages\/12531\/revisions"}],"predecessor-version":[{"id":31960,"href":"https:\/\/www.olade.org\/en\/wp-json\/wp\/v2\/pages\/12531\/revisions\/31960"}],"wp:attachment":[{"href":"https:\/\/www.olade.org\/en\/wp-json\/wp\/v2\/media?parent=12531"}],"curies":[{"name":"wp","href":"https:\/\/api.w.org\/{rel}","templated":true}]}}